{"id":42,"date":"2024-07-25T11:16:48","date_gmt":"2024-07-25T09:16:48","guid":{"rendered":"https:\/\/fit-up.com\/index.php\/whitelabel-app\/"},"modified":"2025-08-07T10:32:15","modified_gmt":"2025-08-07T08:32:15","slug":"whitelabel-app","status":"publish","type":"page","link":"https:\/\/fit-up.com\/en\/whitelabel-app\/","title":{"rendered":"Whitelabel App"},"content":{"rendered":"<div data-elementor-type=\"wp-page\" data-elementor-id=\"42\" class=\"elementor elementor-42\" data-elementor-post-type=\"page\">\n\t\t\t\t<div data-particle_enable=\"false\" data-particle-mobile-disabled=\"false\" class=\"elementor-element elementor-element-5cf3f2e0 e-flex e-con-boxed e-con e-child\" data-id=\"5cf3f2e0\" data-element_type=\"container\" data-settings=\"{&quot;background_background&quot;:&quot;classic&quot;}\">\n\t\t\t\t\t<div class=\"e-con-inner\">\n\t\t<div data-particle_enable=\"false\" data-particle-mobile-disabled=\"false\" class=\"elementor-element elementor-element-38eb3a7d e-con-full e-flex e-con e-child\" data-id=\"38eb3a7d\" data-element_type=\"container\">\n\t\t\t\t<div class=\"elementor-element elementor-element-ed70e47 elementor-view-stacked elementor-shape-circle elementor-widget elementor-widget-icon\" data-id=\"ed70e47\" data-element_type=\"widget\" data-widget_type=\"icon.default\">\n\t\t\t\t<div class=\"elementor-widget-container\">\n\t\t\t\t\t\t\t<div class=\"elementor-icon-wrapper\">\n\t\t\t<div class=\"elementor-icon\">\n\t\t\t<svg xmlns=\"http:\/\/www.w3.org\/2000\/svg\" width=\"24\" height=\"24\" viewbox=\"0 0 24 24\" fill=\"none\"><path fill-rule=\"evenodd\" clip-rule=\"evenodd\" d=\"M15.8385 1H8.16146C7.63433 0.999984 7.17954 0.999969 6.80497 1.03057C6.40963 1.06287 6.01641 1.13419 5.63803 1.32698C5.07354 1.6146 4.6146 2.07354 4.32698 2.63803C4.13419 3.01641 4.06287 3.40963 4.03057 3.80497C3.99997 4.17954 3.99998 4.63429 4 5.16142V18.8385C3.99998 19.3657 3.99997 19.8205 4.03057 20.195C4.06287 20.5904 4.13419 20.9836 4.32698 21.362C4.6146 21.9265 5.07354 22.3854 5.63803 22.673C6.01641 22.8658 6.40963 22.9371 6.80497 22.9694C7.17954 23 7.6343 23 8.16144 23H15.8386C16.3657 23 16.8205 23 17.195 22.9694C17.5904 22.9371 17.9836 22.8658 18.362 22.673C18.9265 22.3854 19.3854 21.9265 19.673 21.362C19.8658 20.9836 19.9371 20.5904 19.9694 20.195C20 19.8205 20 19.3658 20 18.8386V5.16148C20 4.63437 20 4.17952 19.9694 3.80497C19.9371 3.40963 19.8658 3.01641 19.673 2.63803C19.3854 2.07354 18.9265 1.6146 18.362 1.32698C17.9836 1.13419 17.5904 1.06287 17.195 1.03057C16.8205 0.999969 16.3657 0.999984 15.8385 1ZM12 16C11.1716 16 10.5 16.6716 10.5 17.5C10.5 18.3284 11.1716 19 12 19C12.8284 19 13.5 18.3284 13.5 17.5C13.5 16.6716 12.8284 16 12 16Z\" fill=\"white\"><\/path><\/svg>\t\t\t<\/div>\n\t\t<\/div>\n\t\t\t\t\t\t<\/div>\n\t\t\t\t<\/div>\n\t\t\t\t<div class=\"elementor-element elementor-element-c135f19 elementor-widget__width-inherit elementor-widget elementor-widget-heading\" data-id=\"c135f19\" data-element_type=\"widget\" data-widget_type=\"heading.default\">\n\t\t\t\t<div class=\"elementor-widget-container\">\n\t\t\t\t\t<h1 class=\"elementor-heading-title elementor-size-default\">Whitelabel App<\/h1>\t\t\t\t<\/div>\n\t\t\t\t<\/div>\n\t\t\t\t<div class=\"elementor-element elementor-element-518f3e18 elementor-widget__width-initial elementor-widget-tablet__width-inherit elementor-widget-mobile__width-inherit elementor-widget elementor-widget-text-editor\" data-id=\"518f3e18\" data-element_type=\"widget\" data-widget_type=\"text-editor.default\">\n\t\t\t\t<div class=\"elementor-widget-container\">\n\t\t\t\t\t\t\t\t\tDa wir bereits an dieser L\u00f6sung arbeiten, um sie verf\u00fcgbar zu machen, k\u00f6nnen wir, wenn du interessiert bist, gerne schon jetzt dar\u00fcber sprechen, wie du dir diese Implementierung in deinem Unternehmen und bei deinen Mitarbeitenden vorstellst.\t\t\t\t\t\t\t\t<\/div>\n\t\t\t\t<\/div>\n\t\t<div data-particle_enable=\"false\" data-particle-mobile-disabled=\"false\" class=\"elementor-element elementor-element-13a48f40 e-con-full e-flex elementor-invisible e-con e-child\" data-id=\"13a48f40\" data-element_type=\"container\" data-settings=\"{&quot;animation&quot;:&quot;fadeIn&quot;,&quot;animation_delay&quot;:400}\">\n\t\t\t\t<div class=\"elementor-element elementor-element-597b0ba9 elementor-mobile-align-justify elementor-widget-mobile__width-inherit elementor-widget__width-auto elementor-widget elementor-widget-button\" data-id=\"597b0ba9\" data-element_type=\"widget\" data-widget_type=\"button.default\">\n\t\t\t\t<div class=\"elementor-widget-container\">\n\t\t\t\t\t\t\t\t\t<div class=\"elementor-button-wrapper\">\n\t\t\t\t\t<a class=\"elementor-button elementor-button-link elementor-size-sm\" href=\"#\">\n\t\t\t\t\t\t<span class=\"elementor-button-content-wrapper\">\n\t\t\t\t\t\t\t\t\t<span class=\"elementor-button-text\">Demo vereinbaren<\/span>\n\t\t\t\t\t<\/span>\n\t\t\t\t\t<\/a>\n\t\t\t\t<\/div>\n\t\t\t\t\t\t\t\t<\/div>\n\t\t\t\t<\/div>\n\t\t\t\t<div class=\"elementor-element elementor-element-4bc2aac3 elementor-mobile-align-justify elementor-align-justify elementor-widget-mobile__width-inherit elementor-widget__width-initial elementor-widget elementor-widget-button\" data-id=\"4bc2aac3\" data-element_type=\"widget\" data-widget_type=\"button.default\">\n\t\t\t\t<div class=\"elementor-widget-container\">\n\t\t\t\t\t\t\t\t\t<div class=\"elementor-button-wrapper\">\n\t\t\t\t\t<a class=\"elementor-button elementor-button-link elementor-size-sm\" href=\"https:\/\/moveathlon.com\/contact\/\">\n\t\t\t\t\t\t<span class=\"elementor-button-content-wrapper\">\n\t\t\t\t\t\t\t\t\t<span class=\"elementor-button-text\">Spricht mit uns!<\/span>\n\t\t\t\t\t<\/span>\n\t\t\t\t\t<\/a>\n\t\t\t\t<\/div>\n\t\t\t\t\t\t\t\t<\/div>\n\t\t\t\t<\/div>\n\t\t\t\t<\/div>\n\t\t\t\t<\/div>\n\t\t\t\t\t<\/div>\n\t\t\t\t<\/div>\n\t\t\t\t<\/div>","protected":false},"excerpt":{"rendered":"<p>Whitelabel App Da wir bereits an dieser L\u00f6sung arbeiten, um sie verf\u00fcgbar zu machen, k\u00f6nnen wir, wenn du interessiert bist, gerne schon jetzt dar\u00fcber sprechen, wie du dir diese Implementierung in deinem Unternehmen und bei deinen Mitarbeitenden vorstellst. Demo vereinbaren Spricht mit uns!<\/p>","protected":false},"author":2,"featured_media":0,"parent":0,"menu_order":0,"comment_status":"closed","ping_status":"closed","template":"","meta":{"footnotes":""},"class_list":["post-42","page","type-page","status-publish","hentry"],"aioseo_notices":[],"_links":{"self":[{"href":"https:\/\/fit-up.com\/en\/wp-json\/wp\/v2\/pages\/42","targetHints":{"allow":["GET"]}}],"collection":[{"href":"https:\/\/fit-up.com\/en\/wp-json\/wp\/v2\/pages"}],"about":[{"href":"https:\/\/fit-up.com\/en\/wp-json\/wp\/v2\/types\/page"}],"author":[{"embeddable":true,"href":"https:\/\/fit-up.com\/en\/wp-json\/wp\/v2\/users\/2"}],"replies":[{"embeddable":true,"href":"https:\/\/fit-up.com\/en\/wp-json\/wp\/v2\/comments?post=42"}],"version-history":[{"count":10,"href":"https:\/\/fit-up.com\/en\/wp-json\/wp\/v2\/pages\/42\/revisions"}],"predecessor-version":[{"id":3470,"href":"https:\/\/fit-up.com\/en\/wp-json\/wp\/v2\/pages\/42\/revisions\/3470"}],"wp:attachment":[{"href":"https:\/\/fit-up.com\/en\/wp-json\/wp\/v2\/media?parent=42"}],"curies":[{"name":"wp","href":"https:\/\/api.w.org\/{rel}","templated":true}]}}