{"id":13,"date":"2024-07-25T11:16:29","date_gmt":"2024-07-25T09:16:29","guid":{"rendered":"https:\/\/fit-up.com\/index.php\/so-loeschen-sie-ihren-account\/"},"modified":"2025-08-18T10:25:14","modified_gmt":"2025-08-18T08:25:14","slug":"account-loeschen","status":"publish","type":"page","link":"https:\/\/fit-up.com\/en\/account-loeschen\/","title":{"rendered":"So l\u00f6schst du deinen Account"},"content":{"rendered":"<div data-elementor-type=\"wp-page\" data-elementor-id=\"13\" class=\"elementor elementor-13\" data-elementor-post-type=\"page\">\n\t\t\t\t<div data-particle_enable=\"false\" data-particle-mobile-disabled=\"false\" class=\"elementor-element elementor-element-43d1f90 e-flex e-con-boxed e-con e-child\" data-id=\"43d1f90\" data-element_type=\"container\" data-settings=\"{&quot;background_background&quot;:&quot;classic&quot;,&quot;shape_divider_bottom&quot;:&quot;opacity-tilt&quot;}\">\n\t\t\t\t\t<div class=\"e-con-inner\">\n\t\t\t\t<div class=\"elementor-shape elementor-shape-bottom\" aria-hidden=\"true\" data-negative=\"false\">\n\t\t\t<svg xmlns=\"http:\/\/www.w3.org\/2000\/svg\" viewbox=\"0 0 2600 131.1\" preserveaspectratio=\"none\">\n\t<path class=\"elementor-shape-fill\" d=\"M0 0L2600 0 2600 69.1 0 0z\"\/>\n\t<path class=\"elementor-shape-fill\" style=\"opacity:0.5\" d=\"M0 0L2600 0 2600 69.1 0 69.1z\"\/>\n\t<path class=\"elementor-shape-fill\" style=\"opacity:0.25\" d=\"M2600 0L0 0 0 130.1 2600 69.1z\"\/>\n<\/svg>\t\t<\/div>\n\t\t<div data-particle_enable=\"false\" data-particle-mobile-disabled=\"false\" class=\"elementor-element elementor-element-0563464 e-con-full e-flex e-con e-child\" data-id=\"0563464\" data-element_type=\"container\">\n\t\t<div data-particle_enable=\"false\" data-particle-mobile-disabled=\"false\" class=\"elementor-element elementor-element-36a69ee e-flex e-con-boxed e-con e-child\" data-id=\"36a69ee\" data-element_type=\"container\">\n\t\t\t\t\t<div class=\"e-con-inner\">\n\t\t\t\t<div class=\"elementor-element elementor-element-f729358 elementor-view-stacked elementor-shape-circle elementor-widget elementor-widget-icon\" data-id=\"f729358\" data-element_type=\"widget\" data-widget_type=\"icon.default\">\n\t\t\t\t<div class=\"elementor-widget-container\">\n\t\t\t\t\t\t\t<div class=\"elementor-icon-wrapper\">\n\t\t\t<div class=\"elementor-icon\">\n\t\t\t<svg xmlns=\"http:\/\/www.w3.org\/2000\/svg\" width=\"24\" height=\"24\" viewbox=\"0 0 24 24\" fill=\"none\"><path fill-rule=\"evenodd\" clip-rule=\"evenodd\" d=\"M12 1C5.92487 1 1 5.92487 1 12C1 18.0751 5.92487 23 12 23C18.0751 23 23 18.0751 23 12C23 5.92487 18.0751 1 12 1ZM10.9066 8.27123C11.3138 8.03191 11.7926 7.94443 12.2581 8.02428C12.7236 8.10413 13.1459 8.34615 13.45 8.70749C13.7542 9.06883 13.9207 9.52615 13.92 9.99847L13.92 9.99996C13.92 10.4691 13.5549 10.9582 12.8653 11.4179C12.5509 11.6275 12.2294 11.7889 11.9826 11.8986C11.8606 11.9529 11.7603 11.9929 11.6929 12.0186C11.663 12.03 11.6329 12.041 11.6027 12.0516C11.0794 12.2267 10.7968 12.7926 10.9713 13.3162C11.146 13.8401 11.7123 14.1233 12.2362 13.9486L12.4049 13.8876C12.5015 13.8508 12.6356 13.7971 12.7949 13.7263C13.1105 13.586 13.5391 13.3724 13.9747 13.082C14.7849 12.5419 15.9195 11.5312 15.92 10.0009C15.9213 9.05644 15.5883 8.14201 14.9801 7.41949C14.3717 6.69682 13.5273 6.21277 12.5962 6.05307C11.6652 5.89337 10.7077 6.06833 9.89327 6.54696C9.07886 7.02559 8.46013 7.77701 8.14666 8.66812C7.96339 9.18911 8.23716 9.76002 8.75815 9.9433C9.27914 10.1266 9.85006 9.85279 10.0333 9.33181C10.1901 8.88625 10.4994 8.51054 10.9066 8.27123ZM12 16C11.4477 16 11 16.4477 11 17C11 17.5522 11.4477 18 12 18H12.01C12.5623 18 13.01 17.5522 13.01 17C13.01 16.4477 12.5623 16 12.01 16H12Z\" fill=\"white\"><\/path><\/svg>\t\t\t<\/div>\n\t\t<\/div>\n\t\t\t\t\t\t<\/div>\n\t\t\t\t<\/div>\n\t\t\t\t<div class=\"elementor-element elementor-element-32577fe elementor-widget__width-inherit elementor-widget elementor-widget-heading\" data-id=\"32577fe\" data-element_type=\"widget\" data-widget_type=\"heading.default\">\n\t\t\t\t<div class=\"elementor-widget-container\">\n\t\t\t\t\t<h1 class=\"elementor-heading-title elementor-size-default\">So l\u00f6schst du deinen Account<\/h1>\t\t\t\t<\/div>\n\t\t\t\t<\/div>\n\t\t\t\t<div class=\"elementor-element elementor-element-b09130e elementor-widget__width-inherit elementor-widget elementor-widget-heading\" data-id=\"b09130e\" data-element_type=\"widget\" data-widget_type=\"heading.default\">\n\t\t\t\t<div class=\"elementor-widget-container\">\n\t\t\t\t\t<h5 class=\"elementor-heading-title elementor-size-default\">Hier findest du die Anleitung zum L\u00f6schen deines FIT-UP-Kontos.<\/h5>\t\t\t\t<\/div>\n\t\t\t\t<\/div>\n\t\t\t\t\t<\/div>\n\t\t\t\t<\/div>\n\t\t\t\t<\/div>\n\t\t\t\t\t<\/div>\n\t\t\t\t<\/div>\n\t\t<div data-particle_enable=\"false\" data-particle-mobile-disabled=\"false\" class=\"elementor-element elementor-element-77297ddf e-flex e-con-boxed e-con e-child\" data-id=\"77297ddf\" data-element_type=\"container\" data-settings=\"{&quot;background_background&quot;:&quot;classic&quot;}\">\n\t\t\t\t\t<div class=\"e-con-inner\">\n\t\t<div data-particle_enable=\"false\" data-particle-mobile-disabled=\"false\" class=\"elementor-element elementor-element-66d7bc5e e-con-full e-flex e-con e-child\" data-id=\"66d7bc5e\" data-element_type=\"container\" data-settings=\"{&quot;background_background&quot;:&quot;classic&quot;}\">\n\t\t\t\t<div class=\"elementor-element elementor-element-6c99a269 elementor-widget__width-inherit elementor-widget-tablet__width-inherit elementor-widget elementor-widget-text-editor\" data-id=\"6c99a269\" data-element_type=\"widget\" data-widget_type=\"text-editor.default\">\n\t\t\t\t<div class=\"elementor-widget-container\">\n\t\t\t\t\t\t\t\t\t<p>Gem\u00e4\u00df Artikel 17 der Datenschutz-Grundverordnung (DSGVO) hast du das Recht, dein Benutzerkonto jederzeit zu l\u00f6schen. Wir m\u00f6chten sicherstellen, dass du \u00fcber dieses Recht informiert bist und erkl\u00e4ren dir den Prozess zur L\u00f6schung deines Kontos.<\/p><p>Um dein Benutzerkonto zu l\u00f6schen, folge bitte diesen Schritten:<\/p><ul><li>\u00d6ffne in der App die Einstellungen (Zahnrad-Symbol rechts oben).<\/li><li>Suche nach der Option \u201eKonto l\u00f6schen\u201c und tippe darauf.<\/li><li>Best\u00e4tige deine Entscheidung, wenn du dazu aufgefordert wirst. Bitte beachte, dass das L\u00f6schen deines Kontos dazu f\u00fchrt, dass alle deine gespeicherten Daten, einschlie\u00dflich deines Profils, deiner Aktivit\u00e4ten und deiner Einstellungen, unwiderruflich gel\u00f6scht werden.<\/li><li>\u00dcberpr\u00fcfe die angegebenen Informationen sorgf\u00e4ltig, da es keine M\u00f6glichkeit gibt, dein Konto nach dem L\u00f6schen wiederherzustellen.<\/li><\/ul><div>\u00a0<\/div><p>Bitte beachte, dass wir deine personenbezogenen Daten gem\u00e4\u00df den Datenschutzbestimmungen behandeln und diese nur so lange speichern, wie es f\u00fcr den Zweck der App und die Einhaltung rechtlicher Anforderungen erforderlich ist. Durch das L\u00f6schen deines Kontos werden deine Daten gem\u00e4\u00df den gesetzlichen Vorgaben gel\u00f6scht.<\/p><p>Wenn du Schwierigkeiten hast oder weitere Fragen zum L\u00f6schen deines Benutzerkontos hast, z\u00f6gere nicht, unseren Kundensupport unter support@fit-up.com zu kontaktieren. Wir stehen dir gerne zur Verf\u00fcgung, um dir weiterzuhelfen.<\/p>\t\t\t\t\t\t\t\t<\/div>\n\t\t\t\t<\/div>\n\t\t\t\t<\/div>\n\t\t\t\t<div class=\"elementor-element elementor-element-41866c79 separator-w-message elementor-widget-divider--view-line elementor-widget elementor-widget-divider\" data-id=\"41866c79\" data-element_type=\"widget\" data-widget_type=\"divider.default\">\n\t\t\t\t<div class=\"elementor-widget-container\">\n\t\t\t\t\t\t\t<div class=\"elementor-divider\">\n\t\t\t<span class=\"elementor-divider-separator\">\n\t\t\t\t\t\t<\/span>\n\t\t<\/div>\n\t\t\t\t\t\t<\/div>\n\t\t\t\t<\/div>\n\t\t<div data-particle_enable=\"false\" data-particle-mobile-disabled=\"false\" class=\"elementor-element elementor-element-4c8bb837 e-con-full e-flex e-con e-child\" data-id=\"4c8bb837\" data-element_type=\"container\">\n\t\t<div data-particle_enable=\"false\" data-particle-mobile-disabled=\"false\" class=\"elementor-element elementor-element-20ffd2a8 e-con-full e-flex e-con e-child\" data-id=\"20ffd2a8\" data-element_type=\"container\">\n\t\t\t\t<div class=\"elementor-element elementor-element-307be020 elementor-widget__width-inherit elementor-widget elementor-widget-heading\" data-id=\"307be020\" data-element_type=\"widget\" data-widget_type=\"heading.default\">\n\t\t\t\t<div class=\"elementor-widget-container\">\n\t\t\t\t\t<h2 class=\"elementor-heading-title elementor-size-default\">Schritt 1<\/h2>\t\t\t\t<\/div>\n\t\t\t\t<\/div>\n\t\t\t\t<div class=\"elementor-element elementor-element-28a58347 elementor-widget__width-inherit elementor-widget elementor-widget-image\" data-id=\"28a58347\" data-element_type=\"widget\" data-widget_type=\"image.default\">\n\t\t\t\t<div class=\"elementor-widget-container\">\n\t\t\t\t\t\t\t\t\t\t\t\t\t\t\t<img fetchpriority=\"high\" decoding=\"async\" width=\"533\" height=\"1080\" src=\"https:\/\/fit-up.com\/wp-content\/uploads\/2024\/07\/delete-account-step-1.png\" class=\"attachment-full size-full wp-image-15\" alt=\"\" srcset=\"https:\/\/fit-up.com\/wp-content\/uploads\/2024\/07\/delete-account-step-1.png 533w, https:\/\/fit-up.com\/wp-content\/uploads\/2024\/07\/delete-account-step-1-148x300.png 148w, https:\/\/fit-up.com\/wp-content\/uploads\/2024\/07\/delete-account-step-1-505x1024.png 505w, https:\/\/fit-up.com\/wp-content\/uploads\/2024\/07\/delete-account-step-1-6x12.png 6w\" sizes=\"(max-width: 533px) 100vw, 533px\" \/>\t\t\t\t\t\t\t\t\t\t\t\t\t\t\t<\/div>\n\t\t\t\t<\/div>\n\t\t\t\t<\/div>\n\t\t\t\t<div class=\"elementor-element elementor-element-3e286783 elementor-widget__width-initial elementor-view-default elementor-widget elementor-widget-icon\" data-id=\"3e286783\" data-element_type=\"widget\" data-widget_type=\"icon.default\">\n\t\t\t\t<div class=\"elementor-widget-container\">\n\t\t\t\t\t\t\t<div class=\"elementor-icon-wrapper\">\n\t\t\t<div class=\"elementor-icon\">\n\t\t\t<svg aria-hidden=\"true\" class=\"e-font-icon-svg e-fas-angle-double-right\" viewbox=\"0 0 448 512\" xmlns=\"http:\/\/www.w3.org\/2000\/svg\"><path d=\"M224.3 273l-136 136c-9.4 9.4-24.6 9.4-33.9 0l-22.6-22.6c-9.4-9.4-9.4-24.6 0-33.9l96.4-96.4-96.4-96.4c-9.4-9.4-9.4-24.6 0-33.9L54.3 103c9.4-9.4 24.6-9.4 33.9 0l136 136c9.5 9.4 9.5 24.6.1 34zm192-34l-136-136c-9.4-9.4-24.6-9.4-33.9 0l-22.6 22.6c-9.4 9.4-9.4 24.6 0 33.9l96.4 96.4-96.4 96.4c-9.4 9.4-9.4 24.6 0 33.9l22.6 22.6c9.4 9.4 24.6 9.4 33.9 0l136-136c9.4-9.2 9.4-24.4 0-33.8z\"><\/path><\/svg>\t\t\t<\/div>\n\t\t<\/div>\n\t\t\t\t\t\t<\/div>\n\t\t\t\t<\/div>\n\t\t<div data-particle_enable=\"false\" data-particle-mobile-disabled=\"false\" class=\"elementor-element elementor-element-15da3f39 e-con-full e-flex e-con e-child\" data-id=\"15da3f39\" data-element_type=\"container\">\n\t\t\t\t<div class=\"elementor-element elementor-element-6c377861 elementor-widget__width-inherit elementor-widget elementor-widget-heading\" data-id=\"6c377861\" data-element_type=\"widget\" data-widget_type=\"heading.default\">\n\t\t\t\t<div class=\"elementor-widget-container\">\n\t\t\t\t\t<h2 class=\"elementor-heading-title elementor-size-default\">Schritt 2<\/h2>\t\t\t\t<\/div>\n\t\t\t\t<\/div>\n\t\t\t\t<div class=\"elementor-element elementor-element-17e51be7 elementor-widget__width-inherit elementor-widget elementor-widget-image\" data-id=\"17e51be7\" data-element_type=\"widget\" data-widget_type=\"image.default\">\n\t\t\t\t<div class=\"elementor-widget-container\">\n\t\t\t\t\t\t\t\t\t\t\t\t\t\t\t<img decoding=\"async\" width=\"533\" height=\"1080\" src=\"https:\/\/fit-up.com\/wp-content\/uploads\/2024\/07\/delete-account-step-2.png\" class=\"attachment-full size-full wp-image-16\" alt=\"\" srcset=\"https:\/\/fit-up.com\/wp-content\/uploads\/2024\/07\/delete-account-step-2.png 533w, https:\/\/fit-up.com\/wp-content\/uploads\/2024\/07\/delete-account-step-2-148x300.png 148w, https:\/\/fit-up.com\/wp-content\/uploads\/2024\/07\/delete-account-step-2-505x1024.png 505w, https:\/\/fit-up.com\/wp-content\/uploads\/2024\/07\/delete-account-step-2-6x12.png 6w\" sizes=\"(max-width: 533px) 100vw, 533px\" \/>\t\t\t\t\t\t\t\t\t\t\t\t\t\t\t<\/div>\n\t\t\t\t<\/div>\n\t\t\t\t<\/div>\n\t\t\t\t<\/div>\n\t\t\t\t\t<\/div>\n\t\t\t\t<\/div>\n\t\t\t\t<\/div>","protected":false},"excerpt":{"rendered":"<p>&nbsp; Hier findest du die Anleitung zum L\u00f6schen deines FIT-UP-Kontos. Gem\u00e4\u00df Artikel 17 der Datenschutz-Grundverordnung (DSGVO) hast du das Recht, dein Benutzerkonto jederzeit zu l\u00f6schen. Wir m\u00f6chten sicherstellen, dass du \u00fcber dieses Recht informiert bist und erkl\u00e4ren dir den Prozess zur L\u00f6schung deines Kontos. Um dein Benutzerkonto zu l\u00f6schen, folge bitte diesen Schritten: \u00d6ffne in [&hellip;]<\/p>","protected":false},"author":2,"featured_media":0,"parent":0,"menu_order":0,"comment_status":"closed","ping_status":"closed","template":"","meta":{"footnotes":""},"class_list":["post-13","page","type-page","status-publish","hentry"],"aioseo_notices":[],"_links":{"self":[{"href":"https:\/\/fit-up.com\/en\/wp-json\/wp\/v2\/pages\/13","targetHints":{"allow":["GET"]}}],"collection":[{"href":"https:\/\/fit-up.com\/en\/wp-json\/wp\/v2\/pages"}],"about":[{"href":"https:\/\/fit-up.com\/en\/wp-json\/wp\/v2\/types\/page"}],"author":[{"embeddable":true,"href":"https:\/\/fit-up.com\/en\/wp-json\/wp\/v2\/users\/2"}],"replies":[{"embeddable":true,"href":"https:\/\/fit-up.com\/en\/wp-json\/wp\/v2\/comments?post=13"}],"version-history":[{"count":14,"href":"https:\/\/fit-up.com\/en\/wp-json\/wp\/v2\/pages\/13\/revisions"}],"predecessor-version":[{"id":4329,"href":"https:\/\/fit-up.com\/en\/wp-json\/wp\/v2\/pages\/13\/revisions\/4329"}],"wp:attachment":[{"href":"https:\/\/fit-up.com\/en\/wp-json\/wp\/v2\/media?parent=13"}],"curies":[{"name":"wp","href":"https:\/\/api.w.org\/{rel}","templated":true}]}}