{"id":119,"date":"2024-07-25T11:17:38","date_gmt":"2024-07-25T09:17:38","guid":{"rendered":"https:\/\/fit-up.com\/index.php\/herunterladen\/"},"modified":"2024-10-24T14:05:56","modified_gmt":"2024-10-24T12:05:56","slug":"herunterladen","status":"publish","type":"page","link":"https:\/\/fit-up.com\/en\/herunterladen\/","title":{"rendered":"Herunterladen"},"content":{"rendered":"<div data-elementor-type=\"wp-page\" data-elementor-id=\"119\" class=\"elementor elementor-119\" data-elementor-post-type=\"page\">\n\t\t\t\t<div data-particle_enable=\"false\" data-particle-mobile-disabled=\"false\" class=\"elementor-element elementor-element-19c2c50 e-flex e-con-boxed e-con e-child\" data-id=\"19c2c50\" data-element_type=\"container\" data-settings=\"{&quot;background_background&quot;:&quot;classic&quot;,&quot;shape_divider_bottom&quot;:&quot;opacity-tilt&quot;}\">\n\t\t\t\t\t<div class=\"e-con-inner\">\n\t\t\t\t<div class=\"elementor-shape elementor-shape-bottom\" aria-hidden=\"true\" data-negative=\"false\">\n\t\t\t<svg xmlns=\"http:\/\/www.w3.org\/2000\/svg\" viewbox=\"0 0 2600 131.1\" preserveaspectratio=\"none\">\n\t<path class=\"elementor-shape-fill\" d=\"M0 0L2600 0 2600 69.1 0 0z\"\/>\n\t<path class=\"elementor-shape-fill\" style=\"opacity:0.5\" d=\"M0 0L2600 0 2600 69.1 0 69.1z\"\/>\n\t<path class=\"elementor-shape-fill\" style=\"opacity:0.25\" d=\"M2600 0L0 0 0 130.1 2600 69.1z\"\/>\n<\/svg>\t\t<\/div>\n\t\t<div data-particle_enable=\"false\" data-particle-mobile-disabled=\"false\" class=\"elementor-element elementor-element-cdc8c03 e-con-full e-flex e-con e-child\" data-id=\"cdc8c03\" data-element_type=\"container\">\n\t\t<div data-particle_enable=\"false\" data-particle-mobile-disabled=\"false\" class=\"elementor-element elementor-element-8546f4a e-flex e-con-boxed e-con e-child\" data-id=\"8546f4a\" data-element_type=\"container\">\n\t\t\t\t\t<div class=\"e-con-inner\">\n\t\t\t\t<div class=\"elementor-element elementor-element-3a52e8e elementor-view-stacked elementor-shape-circle elementor-widget elementor-widget-icon\" data-id=\"3a52e8e\" data-element_type=\"widget\" data-widget_type=\"icon.default\">\n\t\t\t\t<div class=\"elementor-widget-container\">\n\t\t\t\t\t\t\t<div class=\"elementor-icon-wrapper\">\n\t\t\t<div class=\"elementor-icon\">\n\t\t\t<svg xmlns=\"http:\/\/www.w3.org\/2000\/svg\" width=\"24\" height=\"24\" viewbox=\"0 0 24 24\" fill=\"none\"><path d=\"M7.22602 14.4687C7.05306 14.2957 6.96659 14.2092 6.86567 14.1474C6.7762 14.0926 6.67866 14.0522 6.57662 14.0277C6.46153 14 6.33924 14 6.09465 14H5.33289C5.02836 13.9998 4.76635 13.9997 4.53069 14.037C3.24701 14.2403 2.24024 15.2471 2.03693 16.5308C1.99961 16.7664 1.99977 17.0284 1.99997 17.3329L1.99998 17.4826C1.99982 17.9595 1.99971 18.313 2.04924 18.6258C2.32033 20.3374 3.66269 21.6797 5.37426 21.9508C5.68701 22.0003 6.0405 22.0002 6.51748 22.0001H17.4825C17.9595 22.0002 18.313 22.0003 18.6257 21.9508C20.3373 21.6797 21.6797 20.3374 21.9507 18.6258C22.0003 18.3131 22.0002 17.9596 22 17.4827L22 17.333C22.0002 17.0284 22.0004 16.7664 21.9631 16.5308C21.7597 15.2471 20.753 14.2403 19.4693 14.037C19.2336 13.9997 18.9716 13.9998 18.6671 14H17.9054C17.6608 14 17.5385 14 17.4234 14.0277C17.3213 14.0522 17.2238 14.0926 17.1343 14.1474C17.0334 14.2092 16.9469 14.2957 16.774 14.4687L14.1213 17.1213C12.9497 18.2929 11.0503 18.2929 9.87868 17.1213L7.22602 14.4687Z\" fill=\"white\"><\/path><path d=\"M13 3C13 2.44772 12.5523 2 12 2C11.4477 2 11 2.44772 11 3V12.5858L7.70711 9.29289C7.31658 8.90237 6.68342 8.90237 6.29289 9.29289C5.90237 9.68342 5.90237 10.3166 6.29289 10.7071L11.2929 15.7071C11.6834 16.0976 12.3166 16.0976 12.7071 15.7071L17.7071 10.7071C18.0976 10.3166 18.0976 9.68342 17.7071 9.29289C17.3166 8.90237 16.6834 8.90237 16.2929 9.29289L13 12.5858V3Z\" fill=\"white\"><\/path><\/svg>\t\t\t<\/div>\n\t\t<\/div>\n\t\t\t\t\t\t<\/div>\n\t\t\t\t<\/div>\n\t\t\t\t<div class=\"elementor-element elementor-element-795d0d8 elementor-widget__width-inherit elementor-widget elementor-widget-heading\" data-id=\"795d0d8\" data-element_type=\"widget\" data-widget_type=\"heading.default\">\n\t\t\t\t<div class=\"elementor-widget-container\">\n\t\t\t\t\t<h1 class=\"elementor-heading-title elementor-size-default\">Herunterladen<\/h1>\t\t\t\t<\/div>\n\t\t\t\t<\/div>\n\t\t\t\t<div class=\"elementor-element elementor-element-d8f9af3 elementor-widget__width-inherit elementor-widget elementor-widget-heading\" data-id=\"d8f9af3\" data-element_type=\"widget\" data-widget_type=\"heading.default\">\n\t\t\t\t<div class=\"elementor-widget-container\">\n\t\t\t\t\t<h5 class=\"elementor-heading-title elementor-size-default\">Aus den offiziellen App-Stores herunterladen.<\/h5>\t\t\t\t<\/div>\n\t\t\t\t<\/div>\n\t\t\t\t\t<\/div>\n\t\t\t\t<\/div>\n\t\t\t\t<\/div>\n\t\t\t\t\t<\/div>\n\t\t\t\t<\/div>\n\t\t<div data-particle_enable=\"false\" data-particle-mobile-disabled=\"false\" class=\"elementor-element elementor-element-1b05a437 e-flex e-con-boxed e-con e-child\" data-id=\"1b05a437\" data-element_type=\"container\" data-settings=\"{&quot;background_background&quot;:&quot;classic&quot;}\">\n\t\t\t\t\t<div class=\"e-con-inner\">\n\t\t<div data-particle_enable=\"false\" data-particle-mobile-disabled=\"false\" class=\"elementor-element elementor-element-138c86dc e-con-full e-flex e-con e-child\" data-id=\"138c86dc\" data-element_type=\"container\">\n\t\t<div data-particle_enable=\"false\" data-particle-mobile-disabled=\"false\" class=\"elementor-element elementor-element-282f5b78 e-flex e-con-boxed e-con e-child\" data-id=\"282f5b78\" data-element_type=\"container\">\n\t\t\t\t\t<div class=\"e-con-inner\">\n\t\t<div data-particle_enable=\"false\" data-particle-mobile-disabled=\"false\" class=\"elementor-element elementor-element-368296d4 e-con-full e-flex e-con e-child\" data-id=\"368296d4\" data-element_type=\"container\">\n\t\t\t\t<div class=\"elementor-element elementor-element-590136b3 elementor-widget-tablet__width-inherit elementor-widget elementor-widget-image\" data-id=\"590136b3\" data-element_type=\"widget\" data-widget_type=\"image.default\">\n\t\t\t\t<div class=\"elementor-widget-container\">\n\t\t\t\t\t\t\t\t\t\t\t\t\t\t\t<img fetchpriority=\"high\" decoding=\"async\" width=\"973\" height=\"1234\" src=\"https:\/\/fit-up.com\/wp-content\/uploads\/2024\/10\/iOs-download.png\" class=\"attachment-full size-full wp-image-1496\" alt=\"\" srcset=\"https:\/\/fit-up.com\/wp-content\/uploads\/2024\/10\/iOs-download.png 973w, https:\/\/fit-up.com\/wp-content\/uploads\/2024\/10\/iOs-download-237x300.png 237w, https:\/\/fit-up.com\/wp-content\/uploads\/2024\/10\/iOs-download-807x1024.png 807w, https:\/\/fit-up.com\/wp-content\/uploads\/2024\/10\/iOs-download-768x974.png 768w, https:\/\/fit-up.com\/wp-content\/uploads\/2024\/10\/iOs-download-9x12.png 9w\" sizes=\"(max-width: 973px) 100vw, 973px\" \/>\t\t\t\t\t\t\t\t\t\t\t\t\t\t\t<\/div>\n\t\t\t\t<\/div>\n\t\t\t\t<\/div>\n\t\t<div data-particle_enable=\"false\" data-particle-mobile-disabled=\"false\" class=\"elementor-element elementor-element-22d029a e-con-full e-flex e-con e-child\" data-id=\"22d029a\" data-element_type=\"container\">\n\t\t\t\t<div class=\"elementor-element elementor-element-392b7fa3 elementor-view-stacked challenge-icon elementor-shape-circle elementor-widget elementor-widget-icon\" data-id=\"392b7fa3\" data-element_type=\"widget\" data-widget_type=\"icon.default\">\n\t\t\t\t<div class=\"elementor-widget-container\">\n\t\t\t\t\t\t\t<div class=\"elementor-icon-wrapper\">\n\t\t\t<div class=\"elementor-icon\">\n\t\t\t<svg aria-hidden=\"true\" class=\"e-font-icon-svg e-fab-apple\" viewbox=\"0 0 384 512\" xmlns=\"http:\/\/www.w3.org\/2000\/svg\"><path d=\"M318.7 268.7c-.2-36.7 16.4-64.4 50-84.8-18.8-26.9-47.2-41.7-84.7-44.6-35.5-2.8-74.3 20.7-88.5 20.7-15 0-49.4-19.7-76.4-19.7C63.3 141.2 4 184.8 4 273.5q0 39.3 14.4 81.2c12.8 36.7 59 126.7 107.2 125.2 25.2-.6 43-17.9 75.8-17.9 31.8 0 48.3 17.9 76.4 17.9 48.6-.7 90.4-82.5 102.6-119.3-65.2-30.7-61.7-90-61.7-91.9zm-56.6-164.2c27.3-32.4 24.8-61.9 24-72.5-24.1 1.4-52 16.4-67.9 34.9-17.5 19.8-27.8 44.3-25.6 71.9 26.1 2 49.9-11.4 69.5-34.3z\"><\/path><\/svg>\t\t\t<\/div>\n\t\t<\/div>\n\t\t\t\t\t\t<\/div>\n\t\t\t\t<\/div>\n\t\t\t\t<div class=\"elementor-element elementor-element-5f21b8a elementor-widget__width-inherit elementor-widget elementor-widget-heading\" data-id=\"5f21b8a\" data-element_type=\"widget\" data-widget_type=\"heading.default\">\n\t\t\t\t<div class=\"elementor-widget-container\">\n\t\t\t\t\t<h3 class=\"elementor-heading-title elementor-size-default\">F\u00fcr Apple-Ger\u00e4te herunterladen.<\/h3>\t\t\t\t<\/div>\n\t\t\t\t<\/div>\n\t\t\t\t<div class=\"elementor-element elementor-element-445bdb80 elementor-widget__width-inherit elementor-widget-tablet__width-inherit elementor-widget elementor-widget-text-editor\" data-id=\"445bdb80\" data-element_type=\"widget\" data-widget_type=\"text-editor.default\">\n\t\t\t\t<div class=\"elementor-widget-container\">\n\t\t\t\t\t\t\t\t\t<p>Lade unsere App aus dem offiziellen Apple App Store herunter, indem du den untenstehenden Button verwendest. F\u00fcr die korrekte Einrichtung \u00fcberpr\u00fcfe bitte, ob du die unten aufgef\u00fchrten Elemente installiert und konfiguriert hast.<\/p>\t\t\t\t\t\t\t\t<\/div>\n\t\t\t\t<\/div>\n\t\t\t\t<div class=\"elementor-element elementor-element-34675599 elementor-widget__width-inherit elementor-widget-mobile__width-inherit elementor-icon-list--layout-traditional elementor-list-item-link-full_width elementor-widget elementor-widget-icon-list\" data-id=\"34675599\" data-element_type=\"widget\" data-widget_type=\"icon-list.default\">\n\t\t\t\t<div class=\"elementor-widget-container\">\n\t\t\t\t\t\t\t<ul class=\"elementor-icon-list-items\">\n\t\t\t\t\t\t\t<li class=\"elementor-icon-list-item\">\n\t\t\t\t\t\t\t\t\t\t\t<span class=\"elementor-icon-list-icon\">\n\t\t\t\t\t\t\t<svg aria-hidden=\"true\" class=\"e-font-icon-svg e-fas-arrow-right\" viewbox=\"0 0 448 512\" xmlns=\"http:\/\/www.w3.org\/2000\/svg\"><path d=\"M190.5 66.9l22.2-22.2c9.4-9.4 24.6-9.4 33.9 0L441 239c9.4 9.4 9.4 24.6 0 33.9L246.6 467.3c-9.4 9.4-24.6 9.4-33.9 0l-22.2-22.2c-9.5-9.5-9.3-25 .4-34.3L311.4 296H24c-13.3 0-24-10.7-24-24v-32c0-13.3 10.7-24 24-24h287.4L190.9 101.2c-9.8-9.3-10-24.8-.4-34.3z\"><\/path><\/svg>\t\t\t\t\t\t<\/span>\n\t\t\t\t\t\t\t\t\t\t<span class=\"elementor-icon-list-text\">Apple Health konfiguriert<\/span>\n\t\t\t\t\t\t\t\t\t<\/li>\n\t\t\t\t\t\t\t\t<li class=\"elementor-icon-list-item\">\n\t\t\t\t\t\t\t\t\t\t\t<span class=\"elementor-icon-list-icon\">\n\t\t\t\t\t\t\t<svg aria-hidden=\"true\" class=\"e-font-icon-svg e-fas-arrow-right\" viewbox=\"0 0 448 512\" xmlns=\"http:\/\/www.w3.org\/2000\/svg\"><path d=\"M190.5 66.9l22.2-22.2c9.4-9.4 24.6-9.4 33.9 0L441 239c9.4 9.4 9.4 24.6 0 33.9L246.6 467.3c-9.4 9.4-24.6 9.4-33.9 0l-22.2-22.2c-9.5-9.5-9.3-25 .4-34.3L311.4 296H24c-13.3 0-24-10.7-24-24v-32c0-13.3 10.7-24 24-24h287.4L190.9 101.2c-9.8-9.3-10-24.8-.4-34.3z\"><\/path><\/svg>\t\t\t\t\t\t<\/span>\n\t\t\t\t\t\t\t\t\t\t<span class=\"elementor-icon-list-text\">Download Moveathlon App<\/span>\n\t\t\t\t\t\t\t\t\t<\/li>\n\t\t\t\t\t\t\t\t<li class=\"elementor-icon-list-item\">\n\t\t\t\t\t\t\t\t\t\t\t<span class=\"elementor-icon-list-icon\">\n\t\t\t\t\t\t\t<svg aria-hidden=\"true\" class=\"e-font-icon-svg e-fas-arrow-right\" viewbox=\"0 0 448 512\" xmlns=\"http:\/\/www.w3.org\/2000\/svg\"><path d=\"M190.5 66.9l22.2-22.2c9.4-9.4 24.6-9.4 33.9 0L441 239c9.4 9.4 9.4 24.6 0 33.9L246.6 467.3c-9.4 9.4-24.6 9.4-33.9 0l-22.2-22.2c-9.5-9.5-9.3-25 .4-34.3L311.4 296H24c-13.3 0-24-10.7-24-24v-32c0-13.3 10.7-24 24-24h287.4L190.9 101.2c-9.8-9.3-10-24.8-.4-34.3z\"><\/path><\/svg>\t\t\t\t\t\t<\/span>\n\t\t\t\t\t\t\t\t\t\t<span class=\"elementor-icon-list-text\">Starte und verbinde mit Apple Health<\/span>\n\t\t\t\t\t\t\t\t\t<\/li>\n\t\t\t\t\t\t<\/ul>\n\t\t\t\t\t\t<\/div>\n\t\t\t\t<\/div>\n\t\t<div data-particle_enable=\"false\" data-particle-mobile-disabled=\"false\" class=\"elementor-element elementor-element-4060487b e-con-full e-flex e-con e-child\" data-id=\"4060487b\" data-element_type=\"container\">\n\t\t\t\t<div class=\"elementor-element elementor-element-4b442214 elementor-widget elementor-widget-image\" data-id=\"4b442214\" data-element_type=\"widget\" data-widget_type=\"image.default\">\n\t\t\t\t<div class=\"elementor-widget-container\">\n\t\t\t\t\t\t\t\t\t\t\t\t\t\t\t\t<a href=\"https:\/\/apps.apple.com\/us\/app\/fit-up-fitness-nutrition\/id1567269380\">\n\t\t\t\t\t\t\t<img decoding=\"async\" width=\"383\" height=\"128\" src=\"https:\/\/fit-up.com\/wp-content\/uploads\/2024\/10\/app-store-transparent-button-dark.svg\" class=\"elementor-animation-grow attachment-full size-full wp-image-1485\" alt=\"\" \/>\t\t\t\t\t\t\t\t<\/a>\n\t\t\t\t\t\t\t\t\t\t\t\t\t\t\t<\/div>\n\t\t\t\t<\/div>\n\t\t\t\t<\/div>\n\t\t\t\t<\/div>\n\t\t\t\t\t<\/div>\n\t\t\t\t<\/div>\n\t\t\t\t<div class=\"elementor-element elementor-element-4df10ba7 separator-w-message elementor-widget-divider--view-line elementor-widget elementor-widget-divider\" data-id=\"4df10ba7\" data-element_type=\"widget\" data-widget_type=\"divider.default\">\n\t\t\t\t<div class=\"elementor-widget-container\">\n\t\t\t\t\t\t\t<div class=\"elementor-divider\">\n\t\t\t<span class=\"elementor-divider-separator\">\n\t\t\t\t\t\t<\/span>\n\t\t<\/div>\n\t\t\t\t\t\t<\/div>\n\t\t\t\t<\/div>\n\t\t<div data-particle_enable=\"false\" data-particle-mobile-disabled=\"false\" class=\"elementor-element elementor-element-7c81619e e-flex e-con-boxed e-con e-child\" data-id=\"7c81619e\" data-element_type=\"container\">\n\t\t\t\t\t<div class=\"e-con-inner\">\n\t\t<div data-particle_enable=\"false\" data-particle-mobile-disabled=\"false\" class=\"elementor-element elementor-element-2e4aac1e e-con-full e-flex e-con e-child\" data-id=\"2e4aac1e\" data-element_type=\"container\">\n\t\t\t\t<div class=\"elementor-element elementor-element-4f480f84 elementor-view-stacked challenge-icon elementor-shape-circle elementor-widget elementor-widget-icon\" data-id=\"4f480f84\" data-element_type=\"widget\" data-widget_type=\"icon.default\">\n\t\t\t\t<div class=\"elementor-widget-container\">\n\t\t\t\t\t\t\t<div class=\"elementor-icon-wrapper\">\n\t\t\t<div class=\"elementor-icon\">\n\t\t\t<svg xmlns=\"http:\/\/www.w3.org\/2000\/svg\" xmlns:xlink=\"http:\/\/www.w3.org\/1999\/xlink\" id=\"Layer_1\" x=\"0px\" y=\"0px\" viewbox=\"0 0 512.002 512.002\" style=\"enable-background:new 0 0 512.002 512.002;\" xml:space=\"preserve\"><g>\t<path style=\"fill:#A6D864;\" d=\"M309.446,512c17.119,0,32.048-14.929,32.048-32.048v-74.846h21.399  c12.841,0,21.399-8.561,21.399-21.399v-213.77H127.708v213.772c0,12.839,8.56,21.399,21.399,21.399h21.401v74.846  c0,17.119,14.925,32.048,32.048,32.048c17.117,0,32.045-14.929,32.045-32.048v-74.846H277.4v74.846  C277.398,497.071,292.327,512,309.446,512z\"><\/path>\t<path style=\"fill:#A6D864;\" d=\"M437.74,383.709c17.119,0,32.045-14.927,32.045-32.048v-149.69  c0-17.029-14.925-32.034-32.045-32.034c-17.121,0-32.048,15.006-32.048,32.034v149.69  C405.692,368.78,420.618,383.709,437.74,383.709z\"><\/path>\t<path style=\"fill:#A6D864;\" d=\"M74.261,383.709c17.121,0,32.048-14.927,32.048-32.048v-149.69  c0-17.029-14.925-32.034-32.048-32.034c-17.119,0-32.045,15.006-32.045,32.034v149.69C42.217,368.78,57.142,383.709,74.261,383.709  z\"><\/path>\t<path style=\"fill:#A6D864;\" d=\"M358.611,3.229c-4.278-4.305-10.647-4.305-14.925,0l-28.701,28.605l-1.324,1.322  c-17.018-8.522-36.099-12.778-57.347-12.819c-0.104,0-0.207-0.003-0.311-0.003h-0.003c-0.108,0-0.207,0.003-0.314,0.003  c-21.247,0.041-40.327,4.297-57.344,12.819l-1.327-1.322L168.314,3.229c-4.281-4.305-10.647-4.305-14.925,0  c-4.281,4.281-4.281,10.635,0,14.913l27.763,27.768c-8.946,5.973-17.058,13.282-24.112,21.642  c-16.888,20.018-27.661,46.071-29.142,74.299c-0.014,0.294-0.043,0.584-0.056,0.878c-0.091,1.922-0.133,3.854-0.133,5.794h256.583  c0-1.939-0.046-3.871-0.133-5.794c-0.014-0.294-0.043-0.584-0.06-0.878c-1.478-28.228-12.253-54.282-29.142-74.297  c-7.051-8.36-15.166-15.669-24.112-21.642l27.766-27.768C362.893,13.864,362.893,7.511,358.611,3.229z M202.515,111.16  c-8.853,0-16.031-7.177-16.031-16.031s7.177-16.031,16.031-16.031c8.853,0,16.031,7.177,16.031,16.031  S211.368,111.16,202.515,111.16z M309.485,111.16c-8.853,0-16.031-7.177-16.031-16.031s7.177-16.031,16.031-16.031  c8.853,0,16.031,7.177,16.031,16.031S318.339,111.16,309.485,111.16z\"><\/path><\/g><g><\/g><g><\/g><g><\/g><g><\/g><g><\/g><g><\/g><g><\/g><g><\/g><g><\/g><g><\/g><g><\/g><g><\/g><g><\/g><g><\/g><g><\/g><\/svg>\t\t\t<\/div>\n\t\t<\/div>\n\t\t\t\t\t\t<\/div>\n\t\t\t\t<\/div>\n\t\t\t\t<div class=\"elementor-element elementor-element-66d24b35 elementor-widget__width-inherit elementor-widget elementor-widget-heading\" data-id=\"66d24b35\" data-element_type=\"widget\" data-widget_type=\"heading.default\">\n\t\t\t\t<div class=\"elementor-widget-container\">\n\t\t\t\t\t<h3 class=\"elementor-heading-title elementor-size-default\">F\u00fcr Android Ger\u00e4te herunterladen<\/h3>\t\t\t\t<\/div>\n\t\t\t\t<\/div>\n\t\t\t\t<div class=\"elementor-element elementor-element-5b4e4f56 elementor-widget__width-inherit elementor-widget-tablet__width-inherit elementor-widget elementor-widget-text-editor\" data-id=\"5b4e4f56\" data-element_type=\"widget\" data-widget_type=\"text-editor.default\">\n\t\t\t\t<div class=\"elementor-widget-container\">\n\t\t\t\t\t\t\t\t\t<p>Lade unsere App aus dem offiziellen Google Play Store herunter, indem du den untenstehenden Button verwendest. F\u00fcr die korrekte Einrichtung \u00fcberpr\u00fcfe bitte, ob du die unten aufgef\u00fchrten Elemente installiert und konfiguriert hast. <strong>F\u00fcr Android-Ger\u00e4te ist es erforderlich, dass der erste Schritt erledigt ist!<\/strong><\/p>\t\t\t\t\t\t\t\t<\/div>\n\t\t\t\t<\/div>\n\t\t\t\t<div class=\"elementor-element elementor-element-3325be79 elementor-widget__width-inherit elementor-widget-mobile__width-inherit elementor-icon-list--layout-traditional elementor-list-item-link-full_width elementor-widget elementor-widget-icon-list\" data-id=\"3325be79\" data-element_type=\"widget\" data-widget_type=\"icon-list.default\">\n\t\t\t\t<div class=\"elementor-widget-container\">\n\t\t\t\t\t\t\t<ul class=\"elementor-icon-list-items\">\n\t\t\t\t\t\t\t<li class=\"elementor-icon-list-item\">\n\t\t\t\t\t\t\t\t\t\t\t<span class=\"elementor-icon-list-icon\">\n\t\t\t\t\t\t\t<svg xmlns=\"http:\/\/www.w3.org\/2000\/svg\" width=\"24\" height=\"24\" viewbox=\"0 0 24 24\" fill=\"none\"><path fill-rule=\"evenodd\" clip-rule=\"evenodd\" d=\"M12.8126 1.66837C12.2953 1.43834 11.7047 1.43834 11.1874 1.66837C10.7878 1.84602 10.5283 2.15894 10.3477 2.41391C10.1701 2.66461 9.98004 2.99303 9.77096 3.35422L1.50381 17.6339C1.2939 17.9964 1.10315 18.3258 0.973806 18.6054C0.842356 18.8895 0.699752 19.2714 0.745201 19.7074C0.804012 20.2715 1.09955 20.7841 1.55827 21.1176C1.91276 21.3753 2.31476 21.4433 2.62652 21.4719C2.93327 21.5 3.31392 21.5 3.73281 21.5H20.2671C20.686 21.5 21.0667 21.5 21.3734 21.4719C21.6852 21.4433 22.0872 21.3753 22.4417 21.1176C22.9004 20.7841 23.1959 20.2715 23.2547 19.7074C23.3002 19.2714 23.1576 18.8895 23.0261 18.6054C22.8968 18.3258 22.7061 17.9964 22.4962 17.6339L14.229 3.35419C14.0199 2.99301 13.8298 2.66459 13.6522 2.41391C13.4716 2.15894 13.2121 1.84602 12.8126 1.66837ZM13 9C13 8.44772 12.5523 8 12 8C11.4477 8 11 8.44772 11 9V13C11 13.5523 11.4477 14 12 14C12.5523 14 13 13.5523 13 13V9ZM12 16C11.4477 16 11 16.4477 11 17C11 17.5523 11.4477 18 12 18H12.01C12.5623 18 13.01 17.5523 13.01 17C13.01 16.4477 12.5623 16 12.01 16H12Z\" fill=\"#FFBC08\"><\/path><\/svg>\t\t\t\t\t\t<\/span>\n\t\t\t\t\t\t\t\t\t\t<span class=\"elementor-icon-list-text\">Health Connect - Heruntergeladen und konfiguriert<\/span>\n\t\t\t\t\t\t\t\t\t<\/li>\n\t\t\t\t\t\t\t\t<li class=\"elementor-icon-list-item\">\n\t\t\t\t\t\t\t\t\t\t\t<span class=\"elementor-icon-list-icon\">\n\t\t\t\t\t\t\t<svg aria-hidden=\"true\" class=\"e-font-icon-svg e-fas-arrow-right\" viewbox=\"0 0 448 512\" xmlns=\"http:\/\/www.w3.org\/2000\/svg\"><path d=\"M190.5 66.9l22.2-22.2c9.4-9.4 24.6-9.4 33.9 0L441 239c9.4 9.4 9.4 24.6 0 33.9L246.6 467.3c-9.4 9.4-24.6 9.4-33.9 0l-22.2-22.2c-9.5-9.5-9.3-25 .4-34.3L311.4 296H24c-13.3 0-24-10.7-24-24v-32c0-13.3 10.7-24 24-24h287.4L190.9 101.2c-9.8-9.3-10-24.8-.4-34.3z\"><\/path><\/svg>\t\t\t\t\t\t<\/span>\n\t\t\t\t\t\t\t\t\t\t<span class=\"elementor-icon-list-text\">Moveathlon App herunterladen<\/span>\n\t\t\t\t\t\t\t\t\t<\/li>\n\t\t\t\t\t\t\t\t<li class=\"elementor-icon-list-item\">\n\t\t\t\t\t\t\t\t\t\t\t<span class=\"elementor-icon-list-icon\">\n\t\t\t\t\t\t\t<svg aria-hidden=\"true\" class=\"e-font-icon-svg e-fas-arrow-right\" viewbox=\"0 0 448 512\" xmlns=\"http:\/\/www.w3.org\/2000\/svg\"><path d=\"M190.5 66.9l22.2-22.2c9.4-9.4 24.6-9.4 33.9 0L441 239c9.4 9.4 9.4 24.6 0 33.9L246.6 467.3c-9.4 9.4-24.6 9.4-33.9 0l-22.2-22.2c-9.5-9.5-9.3-25 .4-34.3L311.4 296H24c-13.3 0-24-10.7-24-24v-32c0-13.3 10.7-24 24-24h287.4L190.9 101.2c-9.8-9.3-10-24.8-.4-34.3z\"><\/path><\/svg>\t\t\t\t\t\t<\/span>\n\t\t\t\t\t\t\t\t\t\t<span class=\"elementor-icon-list-text\">Starte und verbinde mit Google Fit<\/span>\n\t\t\t\t\t\t\t\t\t<\/li>\n\t\t\t\t\t\t<\/ul>\n\t\t\t\t\t\t<\/div>\n\t\t\t\t<\/div>\n\t\t<div data-particle_enable=\"false\" data-particle-mobile-disabled=\"false\" class=\"elementor-element elementor-element-30913fa2 e-flex e-con-boxed e-con e-child\" data-id=\"30913fa2\" data-element_type=\"container\">\n\t\t\t\t\t<div class=\"e-con-inner\">\n\t\t\t\t<div class=\"elementor-element elementor-element-447a04b8 elementor-widget elementor-widget-image\" data-id=\"447a04b8\" data-element_type=\"widget\" data-widget_type=\"image.default\">\n\t\t\t\t<div class=\"elementor-widget-container\">\n\t\t\t\t\t\t\t\t\t\t\t\t\t\t\t\t<a href=\"https:\/\/play.google.com\/store\/apps\/details?id=com.catapult.fitup&#038;hl=en\">\n\t\t\t\t\t\t\t<img decoding=\"async\" width=\"433\" height=\"128\" src=\"https:\/\/fit-up.com\/wp-content\/uploads\/2024\/10\/play-store-transparent-button-dark.svg\" class=\"elementor-animation-grow attachment-full size-full wp-image-1486\" alt=\"\" \/>\t\t\t\t\t\t\t\t<\/a>\n\t\t\t\t\t\t\t\t\t\t\t\t\t\t\t<\/div>\n\t\t\t\t<\/div>\n\t\t\t\t<div class=\"elementor-element elementor-element-34013dfe elementor-widget__width-auto e-transform elementor-widget-mobile__width-auto elementor-widget elementor-widget-eael-creative-button\" data-id=\"34013dfe\" data-element_type=\"widget\" data-settings=\"{&quot;_transform_translateX_effect_hover&quot;:{&quot;unit&quot;:&quot;px&quot;,&quot;size&quot;:5,&quot;sizes&quot;:[]},&quot;_transform_translateX_effect_hover_tablet&quot;:{&quot;unit&quot;:&quot;px&quot;,&quot;size&quot;:&quot;&quot;,&quot;sizes&quot;:[]},&quot;_transform_translateX_effect_hover_mobile&quot;:{&quot;unit&quot;:&quot;px&quot;,&quot;size&quot;:&quot;&quot;,&quot;sizes&quot;:[]},&quot;_transform_translateY_effect_hover&quot;:{&quot;unit&quot;:&quot;px&quot;,&quot;size&quot;:&quot;&quot;,&quot;sizes&quot;:[]},&quot;_transform_translateY_effect_hover_tablet&quot;:{&quot;unit&quot;:&quot;px&quot;,&quot;size&quot;:&quot;&quot;,&quot;sizes&quot;:[]},&quot;_transform_translateY_effect_hover_mobile&quot;:{&quot;unit&quot;:&quot;px&quot;,&quot;size&quot;:&quot;&quot;,&quot;sizes&quot;:[]}}\" data-widget_type=\"eael-creative-button.default\">\n\t\t\t\t<div class=\"elementor-widget-container\">\n\t\t\t\t\t        <div class=\"eael-creative-button-wrapper\">\n\n            <a class=\"eael-creative-button eael-creative-button--default\" href=\"https:\/\/play.google.com\/store\/apps\/details?id=com.google.android.apps.healthdata&#038;hl=en\" data-text=\"\">\n            \t    \n                <div class=\"creative-button-inner\">\n\n                    \n                    <span class=\"cretive-button-text\">Health Connect Herunterladen<\/span>\n\n                                            <span class=\"eael-creative-button-icon-right\"><svg aria-hidden=\"true\" class=\"e-font-icon-svg e-fas-arrow-right\" viewbox=\"0 0 448 512\" xmlns=\"http:\/\/www.w3.org\/2000\/svg\"><path d=\"M190.5 66.9l22.2-22.2c9.4-9.4 24.6-9.4 33.9 0L441 239c9.4 9.4 9.4 24.6 0 33.9L246.6 467.3c-9.4 9.4-24.6 9.4-33.9 0l-22.2-22.2c-9.5-9.5-9.3-25 .4-34.3L311.4 296H24c-13.3 0-24-10.7-24-24v-32c0-13.3 10.7-24 24-24h287.4L190.9 101.2c-9.8-9.3-10-24.8-.4-34.3z\"><\/path><\/svg><\/span>                                    <\/div>\n\t                        <\/a>\n        <\/div>\n        \t\t\t\t<\/div>\n\t\t\t\t<\/div>\n\t\t\t\t\t<\/div>\n\t\t\t\t<\/div>\n\t\t\t\t<\/div>\n\t\t<div data-particle_enable=\"false\" data-particle-mobile-disabled=\"false\" class=\"elementor-element elementor-element-294e6888 e-con-full e-flex e-con e-child\" data-id=\"294e6888\" data-element_type=\"container\">\n\t\t\t\t<div class=\"elementor-element elementor-element-2836b029 elementor-widget-tablet__width-inherit elementor-widget elementor-widget-image\" data-id=\"2836b029\" data-element_type=\"widget\" data-widget_type=\"image.default\">\n\t\t\t\t<div class=\"elementor-widget-container\">\n\t\t\t\t\t\t\t\t\t\t\t\t\t\t\t<img loading=\"lazy\" decoding=\"async\" width=\"1008\" height=\"1192\" src=\"https:\/\/fit-up.com\/wp-content\/uploads\/2024\/10\/android-download55.png\" class=\"attachment-full size-full wp-image-1505\" alt=\"\" srcset=\"https:\/\/fit-up.com\/wp-content\/uploads\/2024\/10\/android-download55.png 1008w, https:\/\/fit-up.com\/wp-content\/uploads\/2024\/10\/android-download55-254x300.png 254w, https:\/\/fit-up.com\/wp-content\/uploads\/2024\/10\/android-download55-866x1024.png 866w, https:\/\/fit-up.com\/wp-content\/uploads\/2024\/10\/android-download55-768x908.png 768w, https:\/\/fit-up.com\/wp-content\/uploads\/2024\/10\/android-download55-10x12.png 10w\" sizes=\"(max-width: 1008px) 100vw, 1008px\" \/>\t\t\t\t\t\t\t\t\t\t\t\t\t\t\t<\/div>\n\t\t\t\t<\/div>\n\t\t\t\t<\/div>\n\t\t\t\t\t<\/div>\n\t\t\t\t<\/div>\n\t\t\t\t<\/div>\n\t\t\t\t\t<\/div>\n\t\t\t\t<\/div>\n\t\t\t\t<\/div>","protected":false},"excerpt":{"rendered":"<p>Lorem ipsum dolor sit amet, consectetur adipiscing elit. Cras id metus maximus.<\/p>","protected":false},"author":2,"featured_media":0,"parent":0,"menu_order":0,"comment_status":"closed","ping_status":"closed","template":"","meta":{"footnotes":""},"class_list":["post-119","page","type-page","status-publish","hentry"],"aioseo_notices":[],"_links":{"self":[{"href":"https:\/\/fit-up.com\/en\/wp-json\/wp\/v2\/pages\/119","targetHints":{"allow":["GET"]}}],"collection":[{"href":"https:\/\/fit-up.com\/en\/wp-json\/wp\/v2\/pages"}],"about":[{"href":"https:\/\/fit-up.com\/en\/wp-json\/wp\/v2\/types\/page"}],"author":[{"embeddable":true,"href":"https:\/\/fit-up.com\/en\/wp-json\/wp\/v2\/users\/2"}],"replies":[{"embeddable":true,"href":"https:\/\/fit-up.com\/en\/wp-json\/wp\/v2\/comments?post=119"}],"version-history":[{"count":22,"href":"https:\/\/fit-up.com\/en\/wp-json\/wp\/v2\/pages\/119\/revisions"}],"predecessor-version":[{"id":2213,"href":"https:\/\/fit-up.com\/en\/wp-json\/wp\/v2\/pages\/119\/revisions\/2213"}],"wp:attachment":[{"href":"https:\/\/fit-up.com\/en\/wp-json\/wp\/v2\/media?parent=119"}],"curies":[{"name":"wp","href":"https:\/\/api.w.org\/{rel}","templated":true}]}}